{"id":8,"date":"2025-03-27T19:41:41","date_gmt":"2025-03-27T19:41:41","guid":{"rendered":"https:\/\/amyola.hu\/?page_id=8"},"modified":"2025-03-27T19:41:41","modified_gmt":"2025-03-27T19:41:41","slug":"webfejleszto-munka-kulonleges-formaban","status":"publish","type":"page","link":"https:\/\/amyola.hu\/index.php\/webfejleszto-munka-kulonleges-formaban\/","title":{"rendered":"Webfejleszt\u0151 munka k\u00fcl\u00f6nleges form\u00e1ban"},"content":{"rendered":"\n<div class=\"wp-block-cover alignfull has-accent-1-color has-text-color has-link-color wp-elements-c83c0c7daa4b80574f4ff11d339242fa\" style=\"margin-top:0;margin-bottom:0;padding-top:200px;padding-right:var(--wp--preset--spacing--50);padding-bottom:200px;padding-left:var(--wp--preset--spacing--50);min-height:100vh;aspect-ratio:unset;\"><span aria-hidden=\"true\" class=\"wp-block-cover__background has-background-dim-10 has-background-dim\"><\/span><img fetchpriority=\"high\" decoding=\"async\" width=\"2560\" height=\"1819\" class=\"wp-block-cover__image-background wp-image-10\" alt=\"Photo of a field full of flowers, a blue sky and a tree.\" src=\"https:\/\/amyola.hu\/wp-content\/uploads\/2025\/03\/coming-soon-bg-image-scaled.webp\" data-object-fit=\"cover\" srcset=\"https:\/\/amyola.hu\/wp-content\/uploads\/2025\/03\/coming-soon-bg-image-scaled.webp 2560w, https:\/\/amyola.hu\/wp-content\/uploads\/2025\/03\/coming-soon-bg-image-300x213.webp 300w, https:\/\/amyola.hu\/wp-content\/uploads\/2025\/03\/coming-soon-bg-image-1024x727.webp 1024w, https:\/\/amyola.hu\/wp-content\/uploads\/2025\/03\/coming-soon-bg-image-768x546.webp 768w, https:\/\/amyola.hu\/wp-content\/uploads\/2025\/03\/coming-soon-bg-image-1536x1091.webp 1536w, https:\/\/amyola.hu\/wp-content\/uploads\/2025\/03\/coming-soon-bg-image-2048x1455.webp 2048w\" sizes=\"(max-width: 2560px) 100vw, 2560px\" \/><div class=\"wp-block-cover__inner-container has-global-padding is-layout-constrained wp-container-core-cover-is-layout-d47c59a2 wp-block-cover-is-layout-constrained\">\n<div class=\"wp-block-group is-vertical is-content-justification-center is-layout-flex wp-container-core-group-is-layout-ce155fab wp-block-group-is-layout-flex\">\n<h2 class=\"wp-block-heading has-text-align-center is-style-text-annotation is-style-text-annotation--1\">Event<\/h2>\n<\/div>\n\n\n\n<h3 class=\"wp-block-heading has-text-align-center has-xx-large-font-size\">Something great is coming soon<\/h3>\n\n\n\n<p class=\"has-text-align-center\">Subscribe to get notified when our website is ready.<\/p>\n\n\n\n<div class=\"wp-block-buttons is-content-justification-center is-layout-flex wp-container-core-buttons-is-layout-a89b3969 wp-block-buttons-is-layout-flex\">\n<div class=\"wp-block-button is-style-fill\"><a class=\"wp-block-button__link has-contrast-color has-accent-1-background-color has-text-color has-background has-link-color has-border-color has-accent-1-border-color wp-element-button\">Subscribe<\/a><\/div>\n<\/div>\n<\/div><\/div>\n","protected":false},"excerpt":{"rendered":"","protected":false},"author":1,"featured_media":0,"parent":0,"menu_order":0,"comment_status":"closed","ping_status":"closed","template":"","meta":{"footnotes":""},"class_list":["post-8","page","type-page","status-publish","hentry"],"_links":{"self":[{"href":"https:\/\/amyola.hu\/index.php\/wp-json\/wp\/v2\/pages\/8","targetHints":{"allow":["GET"]}}],"collection":[{"href":"https:\/\/amyola.hu\/index.php\/wp-json\/wp\/v2\/pages"}],"about":[{"href":"https:\/\/amyola.hu\/index.php\/wp-json\/wp\/v2\/types\/page"}],"author":[{"embeddable":true,"href":"https:\/\/amyola.hu\/index.php\/wp-json\/wp\/v2\/users\/1"}],"replies":[{"embeddable":true,"href":"https:\/\/amyola.hu\/index.php\/wp-json\/wp\/v2\/comments?post=8"}],"version-history":[{"count":1,"href":"https:\/\/amyola.hu\/index.php\/wp-json\/wp\/v2\/pages\/8\/revisions"}],"predecessor-version":[{"id":11,"href":"https:\/\/amyola.hu\/index.php\/wp-json\/wp\/v2\/pages\/8\/revisions\/11"}],"wp:attachment":[{"href":"https:\/\/amyola.hu\/index.php\/wp-json\/wp\/v2\/media?parent=8"}],"curies":[{"name":"wp","href":"https:\/\/api.w.org\/{rel}","templated":true}]}}